{"id":425,"date":"2022-06-10T11:44:46","date_gmt":"2022-06-10T11:44:46","guid":{"rendered":"https:\/\/darum.design\/?page_id=425"},"modified":"2023-03-21T13:28:27","modified_gmt":"2023-03-21T12:28:27","slug":"data-security","status":"publish","type":"page","link":"https:\/\/darum.design\/en\/data-security\/","title":{"rendered":"Data Security"},"content":{"rendered":"<div id=\"block_8fa32d20a63d6bcf66c9ed69206b652a\" class=\"intro--single-work intro--full-small \">\n  <div class=\"center intro__Inner\">\n    <div class=\"intro__Content\">\n      <h1>\n                  <span class=\"headline1\">\n            data security          <\/span>\n              <\/h1>\n    <\/div>\n  <\/div>\n<\/div>\n\n\n<div id=\"block_f9ca2cfeda44caefc449fef2aae20921\" class=\"customGutenbergBlock full full--small-mb \">\n  <div class=\"center\">\n    <h4><span style=\"color: #df4cff\">Datenschutzerkl\u00e4rung<\/span><\/h4>\n<div>\n<p>Der Schutz deiner pers\u00f6nlichen Daten ist mir ein besonderes Anliegen. darum design e.U. verarbeitet deine Daten daher ausschlie\u00dflich auf Grundlage der gesetzlichen Bestimmungen (DSGVO, TKG 2003). In diesen Datenschutzinformationen erf\u00e4hrst du alles \u00fcber die wichtigsten Aspekte der Datenverarbeitung im Rahmen unserer Website.<\/p>\n<\/div>\n<h4><span style=\"color: #df4cff\">Kontaktaufnahme<\/span><\/h4>\n<div>\n<p>Wenn du per E-Mail Kontakt mit mir aufnimmst, speichere ich deine angegebenen Daten zwecks Bearbeitung der Anfrage und f\u00fcr den Fall von Anschlussfragen ein Jahr. Diese Daten geben ich nicht ohne deine Einwilligung weiter.<span class=\"apple-converted-space\">\u00a0<\/span><\/p>\n<h4><span style=\"color: #df4cff\">Soziale Medien<\/span><\/h4>\n<div>\n<p>darum design unterh\u00e4lt Onlinepr\u00e4senzen innerhalb sozialer Netzwerke und Plattformen, um mit den dort aktiven Kund:innen, Interessent:innen und Nutzer:innen kommunizieren und sie dort \u00fcber die aktuellen Leistungen informieren zu k\u00f6nnen. Beim Aufruf der jeweiligen Netzwerke und Plattformen gelten die Gesch\u00e4ftsbedingungen und die Datenverarbeitungsrichtlinien derer jeweiligen Betreiber. Soweit nicht anders im Rahmen unserer Datenschutzerkl\u00e4rung angegeben, werden die Daten der Nutzer:innen, sofern diese mit mir innerhalb der sozialen Netzwerke und Plattformen kommunizieren, z.B. Beitr\u00e4ge auf meinen Onlinepr\u00e4senzen verfassen oder mir Nachrichten zusenden, verarbeitet.<\/p>\n<\/div>\n<h4><span style=\"color: #df4cff\">Deine Rechte<\/span><\/h4>\n<div>\n<p><span class=\"apple-converted-space\">Dir stehen grunds\u00e4tzlich die Rechte auf Auskunft, Berichtigung, L\u00f6schung, Einschr\u00e4nkung, Daten\u00fcbertragbarkeit, Widerruf und Widerspruch zu. Wenn du denkst, dass die Verarbeitung deiner Daten gegen das Datenschutzrecht verst\u00f6\u00dft oder deine datenschutzrechtlichen Anspr\u00fcche in einer anderen Weise verletzt worden sind, kannst du dich an die Aufsichtsbeh\u00f6rde wenden. In \u00d6sterreich ist dies die Datenschutzbeh\u00f6rde<\/span><\/p>\n<h4><span style=\"color: #df4cff\">Cookies<\/span><\/h4>\n<div>\n<p>Die Website verwendet Cookies. Dabei handelt es sich um kleine Textdateien, die mit Hilfe des Browsers auf deinem Endger\u00e4t abgelegt werden. Sie richten keinen Schaden an.\u00a0Cookies werden dazu genutzt, um das Angebot nutzerfreundlicher zu gestalten. Einige Cookies bleiben auf deinem Endger\u00e4t gespeichert, bis du diese l\u00f6scht. Cookies erm\u00f6glichen der Website, deinen Browser beim n\u00e4chsten Besuch wiederzuerkennen.<\/p>\n<p>Wenn du nicht willst, dass Cookies gespeichert werden, so kannst du deinen Browser so einrichten, dass er dich \u00fcber das Setzen von Cookies informiert und du dies nur im Einzelfall erlaubst.\u00a0Bei der Deaktivierung von Cookies kann allerdings die Funktionalit\u00e4t der Website eingeschr\u00e4nkt werden.<\/p>\n<\/div>\n<h4><span style=\"color: #df4cff\">So erreichst du mich:<\/span><\/h4>\n<div>\n<div>\n<p>darum design e.U.<span class=\"apple-converted-space\">\u00a0<\/span><br \/>\nGr\u00fcnderin: Astrid Viktoria Schmidinger<span class=\"apple-converted-space\">\u00a0<\/span><br \/>\nAmtshausgasse 8\/21<span class=\"apple-converted-space\">\u00a0<\/span><br \/>\nA-1050 Wien<\/p>\n<\/div>\n<div>\n<p>hallo@darum.design<\/p>\n<\/div>\n<\/div>\n<\/div>\n<\/div>\n  <\/div>\n<\/div>\n\n\n<div id=\"block_b8001fa05a43d0d3444c4843bbb3c420\" class=\"customGutenbergBlock cta \">\n  <div class=\"center\">\n    <h2 class=\"headline2\">LET\u2019S WORK TOGETHER!<\/h2>\n    <p>Ready to build your brand and create a universe? <\/p>\n    <a href=\"\/en\/contact\" class=\"button--peach\">send me an email<\/a>\n  <\/div>\n<\/div>\n","protected":false},"excerpt":{"rendered":"","protected":false},"author":2,"featured_media":0,"parent":0,"menu_order":0,"comment_status":"closed","ping_status":"closed","template":"","meta":{"_acf_changed":false,"footnotes":""},"class_list":["post-425","page","type-page","status-publish","hentry"],"acf":[],"_links":{"self":[{"href":"https:\/\/darum.design\/en\/wp-json\/wp\/v2\/pages\/425","targetHints":{"allow":["GET"]}}],"collection":[{"href":"https:\/\/darum.design\/en\/wp-json\/wp\/v2\/pages"}],"about":[{"href":"https:\/\/darum.design\/en\/wp-json\/wp\/v2\/types\/page"}],"author":[{"embeddable":true,"href":"https:\/\/darum.design\/en\/wp-json\/wp\/v2\/users\/2"}],"replies":[{"embeddable":true,"href":"https:\/\/darum.design\/en\/wp-json\/wp\/v2\/comments?post=425"}],"version-history":[{"count":6,"href":"https:\/\/darum.design\/en\/wp-json\/wp\/v2\/pages\/425\/revisions"}],"predecessor-version":[{"id":1334,"href":"https:\/\/darum.design\/en\/wp-json\/wp\/v2\/pages\/425\/revisions\/1334"}],"wp:attachment":[{"href":"https:\/\/darum.design\/en\/wp-json\/wp\/v2\/media?parent=425"}],"curies":[{"name":"wp","href":"https:\/\/api.w.org\/{rel}","templated":true}]}}